{"id":1037,"date":"2023-07-20T18:19:24","date_gmt":"2023-07-20T18:19:24","guid":{"rendered":"https:\/\/www.centrosophia.com.mx\/academiaonline\/?post_type=product&#038;p=1037"},"modified":"2024-11-22T17:44:58","modified_gmt":"2024-11-22T17:44:58","slug":"cleopatra-la-ultima-reina-de-egipto","status":"publish","type":"product","link":"https:\/\/www.centrosophia.com.mx\/academiaonline\/tienda\/egiptologia\/cleopatra-la-ultima-reina-de-egipto\/","title":{"rendered":"Cleopatra: la \u00faltima reina de Egipto"},"content":{"rendered":"<p class=\"sow-headline\">Cleopatra: la \u00faltima reina de Egipto<\/p>\n<p class=\"sow-sub-headline\">Cleopatra VII vivi\u00f3 en un tiempo crucial de la historia de Egipto y fue la \u00faltima reina del pa\u00eds de los faraones. Si quieres conocer c\u00f3mo fue ella, su historia y las circunstancias en las que vivi\u00f3, no te puedes perder este curso de Cleopatra!<\/p>\n","protected":false},"excerpt":{"rendered":"<p>Cleopatra: la \u00faltima reina de Egipto Cleopatra VII vivi\u00f3 en un tiempo crucial de la historia de Egipto y fue &hellip; <\/p>\n","protected":false},"featured_media":1038,"comment_status":"open","ping_status":"closed","template":"","meta":[],"product_brand":[],"product_cat":[42,103],"product_tag":[430,35,432,397,431,401,280],"class_list":{"0":"post-1037","1":"product","2":"type-product","3":"status-publish","4":"has-post-thumbnail","6":"product_cat-egiptologia","7":"product_cat-cursos","8":"product_tag-cleopatra","9":"product_tag-egipto","10":"product_tag-lagidas","11":"product_tag-mujer","12":"product_tag-ptolemaicos","13":"product_tag-reina","14":"product_tag-roma","16":"first","17":"instock","18":"virtual","19":"sold-individually","20":"taxable","21":"purchasable","22":"product-type-simple"},"_links":{"self":[{"href":"https:\/\/www.centrosophia.com.mx\/academiaonline\/wp-json\/wp\/v2\/product\/1037","targetHints":{"allow":["GET"]}}],"collection":[{"href":"https:\/\/www.centrosophia.com.mx\/academiaonline\/wp-json\/wp\/v2\/product"}],"about":[{"href":"https:\/\/www.centrosophia.com.mx\/academiaonline\/wp-json\/wp\/v2\/types\/product"}],"replies":[{"embeddable":true,"href":"https:\/\/www.centrosophia.com.mx\/academiaonline\/wp-json\/wp\/v2\/comments?post=1037"}],"wp:featuredmedia":[{"embeddable":true,"href":"https:\/\/www.centrosophia.com.mx\/academiaonline\/wp-json\/wp\/v2\/media\/1038"}],"wp:attachment":[{"href":"https:\/\/www.centrosophia.com.mx\/academiaonline\/wp-json\/wp\/v2\/media?parent=1037"}],"wp:term":[{"taxonomy":"product_brand","embeddable":true,"href":"https:\/\/www.centrosophia.com.mx\/academiaonline\/wp-json\/wp\/v2\/product_brand?post=1037"},{"taxonomy":"product_cat","embeddable":true,"href":"https:\/\/www.centrosophia.com.mx\/academiaonline\/wp-json\/wp\/v2\/product_cat?post=1037"},{"taxonomy":"product_tag","embeddable":true,"href":"https:\/\/www.centrosophia.com.mx\/academiaonline\/wp-json\/wp\/v2\/product_tag?post=1037"}],"curies":[{"name":"wp","href":"https:\/\/api.w.org\/{rel}","templated":true}]}}