{"id":1094,"date":"2023-12-04T19:21:39","date_gmt":"2023-12-04T19:21:39","guid":{"rendered":"https:\/\/www.centrosophia.com.mx\/academiaonline\/?post_type=product&#038;p=1094"},"modified":"2024-11-22T17:32:10","modified_gmt":"2024-11-22T17:32:10","slug":"eneagrama-de-la-personalidad","status":"publish","type":"product","link":"https:\/\/www.centrosophia.com.mx\/academiaonline\/tienda\/cursos\/psicologia\/eneagrama-de-la-personalidad\/","title":{"rendered":"Eneagrama de la personalidad"},"content":{"rendered":"<p class=\"sow-sub-headline\">El eneagrama es una poderosa herramienta de autoconocimiento. Con ella podr\u00e1s conocerte mejor a ti mismo y a los dem\u00e1s. Descubrir\u00e1s, que a pesar del libre albedr\u00edo, tenemos unos patrones que nos limitan. Con esta herramienta tambi\u00e9n desarrollar\u00e1s las pautas para potenciar tus cualidades esenciales.<\/p>\n","protected":false},"excerpt":{"rendered":"<p>El eneagrama es una poderosa herramienta de autoconocimiento. Con ella podr\u00e1s conocerte mejor a ti mismo y a los dem\u00e1s. &hellip; <\/p>\n","protected":false},"featured_media":1098,"comment_status":"open","ping_status":"closed","template":"","meta":[],"product_brand":[],"product_cat":[103,56],"product_tag":[61,451,58,447,446,449,452,450,448],"class_list":{"0":"post-1094","1":"product","2":"type-product","3":"status-publish","4":"has-post-thumbnail","6":"product_cat-cursos","7":"product_cat-psicologia","8":"product_tag-autoconocimiento","9":"product_tag-cambio","10":"product_tag-eneagrama","11":"product_tag-eneatipo","12":"product_tag-personalidad","13":"product_tag-totalidad","14":"product_tag-transformacion","15":"product_tag-triada","16":"product_tag-unidad","18":"first","19":"instock","20":"virtual","21":"sold-individually","22":"taxable","23":"purchasable","24":"product-type-simple"},"_links":{"self":[{"href":"https:\/\/www.centrosophia.com.mx\/academiaonline\/wp-json\/wp\/v2\/product\/1094","targetHints":{"allow":["GET"]}}],"collection":[{"href":"https:\/\/www.centrosophia.com.mx\/academiaonline\/wp-json\/wp\/v2\/product"}],"about":[{"href":"https:\/\/www.centrosophia.com.mx\/academiaonline\/wp-json\/wp\/v2\/types\/product"}],"replies":[{"embeddable":true,"href":"https:\/\/www.centrosophia.com.mx\/academiaonline\/wp-json\/wp\/v2\/comments?post=1094"}],"wp:featuredmedia":[{"embeddable":true,"href":"https:\/\/www.centrosophia.com.mx\/academiaonline\/wp-json\/wp\/v2\/media\/1098"}],"wp:attachment":[{"href":"https:\/\/www.centrosophia.com.mx\/academiaonline\/wp-json\/wp\/v2\/media?parent=1094"}],"wp:term":[{"taxonomy":"product_brand","embeddable":true,"href":"https:\/\/www.centrosophia.com.mx\/academiaonline\/wp-json\/wp\/v2\/product_brand?post=1094"},{"taxonomy":"product_cat","embeddable":true,"href":"https:\/\/www.centrosophia.com.mx\/academiaonline\/wp-json\/wp\/v2\/product_cat?post=1094"},{"taxonomy":"product_tag","embeddable":true,"href":"https:\/\/www.centrosophia.com.mx\/academiaonline\/wp-json\/wp\/v2\/product_tag?post=1094"}],"curies":[{"name":"wp","href":"https:\/\/api.w.org\/{rel}","templated":true}]}}