{"id":188,"date":"2021-08-24T17:35:31","date_gmt":"2021-08-24T17:35:31","guid":{"rendered":"https:\/\/www.centrosophia.com.mx\/academiaonline\/?post_type=product&#038;p=188"},"modified":"2024-11-22T18:26:28","modified_gmt":"2024-11-22T18:26:28","slug":"akhenaton-visionario-o-hereje","status":"publish","type":"product","link":"https:\/\/www.centrosophia.com.mx\/academiaonline\/tienda\/egiptologia\/akhenaton-visionario-o-hereje\/","title":{"rendered":"Akhenat\u00f3n \u00bfVisionario o hereje?"},"content":{"rendered":"","protected":false},"excerpt":{"rendered":"<p>La llamada herej\u00eda amarniana y el reinado de Akhenat\u00f3n suscitan un gran inter\u00e9s dentro de la historia de Egipto. \u00bfQui\u00e9n fue Akhenat\u00f3n? \u00bfQu\u00e9 hay de cierto en su historia y qu\u00e9 de leyenda e interpretaci\u00f3n?<br \/>\n4 clases fascinantes que te adentrar\u00e1n en uno de los periodos m\u00e1s controvertidos de la historia egipcia.<\/p>\n","protected":false},"featured_media":322,"comment_status":"open","ping_status":"closed","template":"","meta":[],"product_brand":[],"product_cat":[42],"product_tag":[48,43,44,46,47,45],"class_list":{"0":"post-188","1":"product","2":"type-product","3":"status-publish","4":"has-post-thumbnail","6":"product_cat-egiptologia","7":"product_tag-arte","8":"product_tag-egiptologia","9":"product_tag-historia","10":"product_tag-politica","11":"product_tag-religion","12":"product_tag-tutankamon","14":"first","15":"instock","16":"virtual","17":"sold-individually","18":"taxable","19":"purchasable","20":"product-type-simple"},"_links":{"self":[{"href":"https:\/\/www.centrosophia.com.mx\/academiaonline\/wp-json\/wp\/v2\/product\/188","targetHints":{"allow":["GET"]}}],"collection":[{"href":"https:\/\/www.centrosophia.com.mx\/academiaonline\/wp-json\/wp\/v2\/product"}],"about":[{"href":"https:\/\/www.centrosophia.com.mx\/academiaonline\/wp-json\/wp\/v2\/types\/product"}],"replies":[{"embeddable":true,"href":"https:\/\/www.centrosophia.com.mx\/academiaonline\/wp-json\/wp\/v2\/comments?post=188"}],"wp:featuredmedia":[{"embeddable":true,"href":"https:\/\/www.centrosophia.com.mx\/academiaonline\/wp-json\/wp\/v2\/media\/322"}],"wp:attachment":[{"href":"https:\/\/www.centrosophia.com.mx\/academiaonline\/wp-json\/wp\/v2\/media?parent=188"}],"wp:term":[{"taxonomy":"product_brand","embeddable":true,"href":"https:\/\/www.centrosophia.com.mx\/academiaonline\/wp-json\/wp\/v2\/product_brand?post=188"},{"taxonomy":"product_cat","embeddable":true,"href":"https:\/\/www.centrosophia.com.mx\/academiaonline\/wp-json\/wp\/v2\/product_cat?post=188"},{"taxonomy":"product_tag","embeddable":true,"href":"https:\/\/www.centrosophia.com.mx\/academiaonline\/wp-json\/wp\/v2\/product_tag?post=188"}],"curies":[{"name":"wp","href":"https:\/\/api.w.org\/{rel}","templated":true}]}}