{"id":339,"date":"2021-09-10T15:30:23","date_gmt":"2021-09-10T15:30:23","guid":{"rendered":"https:\/\/www.centrosophia.com.mx\/academiaonline\/?post_type=product&#038;p=339"},"modified":"2024-11-22T18:18:33","modified_gmt":"2024-11-22T18:18:33","slug":"sabiduria-egipcia-y-hermetismo","status":"publish","type":"product","link":"https:\/\/www.centrosophia.com.mx\/academiaonline\/tienda\/egiptologia\/sabiduria-egipcia-y-hermetismo\/","title":{"rendered":"Sabidur\u00eda egipcia y hermetismo"},"content":{"rendered":"","protected":false},"excerpt":{"rendered":"<p><span style=\"font-weight: 400;\">El origen de la sabidur\u00eda herm\u00e9tica y el hermetismo se remonta al antiguo Egipto, una tierra repleta de misterios y enigmas. Los escribas y sabios egipcios supieron codificar en sus mitos y textos sapienciales un saber relacionado con la vida y el universo. Con este curso nos acercaremos a su sabidur\u00eda milenaria velada por los s\u00edmbolos y mitos de Thot el dios de la sabidur\u00eda. Conociendo sus secretos podremos desvelar los ejes y fundamentos de la sabidur\u00eda herm\u00e9tica y as\u00ed levantar un poco el velo de Isis, la diosa del misterio.<\/span><\/p>\n<p><span style=\"font-weight: 400;\">4 clases en video de 2 horas cada una<\/span><\/p>\n","protected":false},"featured_media":330,"comment_status":"open","ping_status":"closed","template":"","meta":[],"product_brand":[],"product_cat":[42],"product_tag":[72,35,70,44,71,62],"class_list":{"0":"post-339","1":"product","2":"type-product","3":"status-publish","4":"has-post-thumbnail","6":"product_cat-egiptologia","7":"product_tag-dioses-egipcios","8":"product_tag-egipto","9":"product_tag-hermetismo","10":"product_tag-historia","11":"product_tag-mitos","12":"product_tag-sabiduria","14":"first","15":"instock","16":"virtual","17":"sold-individually","18":"taxable","19":"purchasable","20":"product-type-simple"},"_links":{"self":[{"href":"https:\/\/www.centrosophia.com.mx\/academiaonline\/wp-json\/wp\/v2\/product\/339","targetHints":{"allow":["GET"]}}],"collection":[{"href":"https:\/\/www.centrosophia.com.mx\/academiaonline\/wp-json\/wp\/v2\/product"}],"about":[{"href":"https:\/\/www.centrosophia.com.mx\/academiaonline\/wp-json\/wp\/v2\/types\/product"}],"replies":[{"embeddable":true,"href":"https:\/\/www.centrosophia.com.mx\/academiaonline\/wp-json\/wp\/v2\/comments?post=339"}],"wp:featuredmedia":[{"embeddable":true,"href":"https:\/\/www.centrosophia.com.mx\/academiaonline\/wp-json\/wp\/v2\/media\/330"}],"wp:attachment":[{"href":"https:\/\/www.centrosophia.com.mx\/academiaonline\/wp-json\/wp\/v2\/media?parent=339"}],"wp:term":[{"taxonomy":"product_brand","embeddable":true,"href":"https:\/\/www.centrosophia.com.mx\/academiaonline\/wp-json\/wp\/v2\/product_brand?post=339"},{"taxonomy":"product_cat","embeddable":true,"href":"https:\/\/www.centrosophia.com.mx\/academiaonline\/wp-json\/wp\/v2\/product_cat?post=339"},{"taxonomy":"product_tag","embeddable":true,"href":"https:\/\/www.centrosophia.com.mx\/academiaonline\/wp-json\/wp\/v2\/product_tag?post=339"}],"curies":[{"name":"wp","href":"https:\/\/api.w.org\/{rel}","templated":true}]}}