{"id":356,"date":"2021-12-14T20:07:11","date_gmt":"2021-12-14T20:07:11","guid":{"rendered":"https:\/\/www.centrosophia.com.mx\/academiaonline\/?post_type=product&#038;p=356"},"modified":"2023-12-04T20:06:41","modified_gmt":"2023-12-04T20:06:41","slug":"diplomado-de-egiptologia","status":"publish","type":"product","link":"https:\/\/www.centrosophia.com.mx\/academiaonline\/tienda\/egiptologia\/diplomado-de-egiptologia\/","title":{"rendered":"Historia del Antiguo Egipto"},"content":{"rendered":"<p><span style=\"font-weight: 400;\">\u00a1Bienvenido! Acabas de embarcarte en un viaje para conocer el antiguo Egipto.<\/span><\/p>\n<p><span style=\"font-weight: 400;\">V\u00edctor Vilar, profesor y director de Fundaci\u00f3n Sophia M\u00e9xico, Maestro en filosof\u00eda y cursante de Estudios Superiores en egiptolog\u00eda por varias universidades espa\u00f1olas, entre ellas la de Alcal\u00e1 de Henares y Murcia. Apasionado de la egiptolog\u00eda te guiar\u00e1 en las 8 clases de estos 4 m\u00f3dulos que conforman el diplomado de Egiptolog\u00eda.<\/span><\/p>\n<p>M\u00f3dulos:<\/p>\n<p><span style=\"font-weight: 400;\">-Geograf\u00eda e historia<\/span><\/p>\n<p><span style=\"font-weight: 400;\">-Simbolog\u00eda religiosa<\/span><\/p>\n<p><span style=\"font-weight: 400;\">-Literatura<\/span><\/p>\n<p><span style=\"font-weight: 400;\">-Arte y arqueolog\u00eda <\/span><\/p>\n<p>&nbsp;<\/p>\n<p>&nbsp;<\/p>\n","protected":false},"excerpt":{"rendered":"<p>Diplomado de Egiptolog\u00eda<\/p>\n","protected":false},"featured_media":649,"comment_status":"open","ping_status":"closed","template":"","meta":[],"product_brand":[],"product_cat":[42],"product_tag":[81,48,79,43,44,80,47],"class_list":{"0":"post-356","1":"product","2":"type-product","3":"status-publish","4":"has-post-thumbnail","6":"product_cat-egiptologia","7":"product_tag-arqueologia","8":"product_tag-arte","9":"product_tag-diplomado","10":"product_tag-egiptologia","11":"product_tag-historia","12":"product_tag-literatura","13":"product_tag-religion","15":"first","16":"instock","17":"virtual","18":"sold-individually","19":"taxable","20":"purchasable","21":"product-type-simple"},"_links":{"self":[{"href":"https:\/\/www.centrosophia.com.mx\/academiaonline\/wp-json\/wp\/v2\/product\/356","targetHints":{"allow":["GET"]}}],"collection":[{"href":"https:\/\/www.centrosophia.com.mx\/academiaonline\/wp-json\/wp\/v2\/product"}],"about":[{"href":"https:\/\/www.centrosophia.com.mx\/academiaonline\/wp-json\/wp\/v2\/types\/product"}],"replies":[{"embeddable":true,"href":"https:\/\/www.centrosophia.com.mx\/academiaonline\/wp-json\/wp\/v2\/comments?post=356"}],"wp:featuredmedia":[{"embeddable":true,"href":"https:\/\/www.centrosophia.com.mx\/academiaonline\/wp-json\/wp\/v2\/media\/649"}],"wp:attachment":[{"href":"https:\/\/www.centrosophia.com.mx\/academiaonline\/wp-json\/wp\/v2\/media?parent=356"}],"wp:term":[{"taxonomy":"product_brand","embeddable":true,"href":"https:\/\/www.centrosophia.com.mx\/academiaonline\/wp-json\/wp\/v2\/product_brand?post=356"},{"taxonomy":"product_cat","embeddable":true,"href":"https:\/\/www.centrosophia.com.mx\/academiaonline\/wp-json\/wp\/v2\/product_cat?post=356"},{"taxonomy":"product_tag","embeddable":true,"href":"https:\/\/www.centrosophia.com.mx\/academiaonline\/wp-json\/wp\/v2\/product_tag?post=356"}],"curies":[{"name":"wp","href":"https:\/\/api.w.org\/{rel}","templated":true}]}}