{"id":537,"date":"2022-02-07T23:19:10","date_gmt":"2022-02-07T23:19:10","guid":{"rendered":"https:\/\/www.centrosophia.com.mx\/academiaonline\/?post_type=product&#038;p=537"},"modified":"2022-02-10T17:58:23","modified_gmt":"2022-02-10T17:58:23","slug":"mil-relatos-y-unos-cuentos-extraviados","status":"publish","type":"product","link":"https:\/\/www.centrosophia.com.mx\/academiaonline\/tienda\/libros\/mil-relatos-y-unos-cuentos-extraviados\/","title":{"rendered":"Mil relatos y unos cuentos extraviados"},"content":{"rendered":"<div><img loading=\"lazy\" decoding=\"async\" class=\"alignnone size-medium wp-image-540\" src=\"https:\/\/www.centrosophia.com.mx\/academiaonline\/wp-content\/uploads\/2022\/02\/portada_milrelatos-195x300.jpg\" alt=\"Libro Mil Relatos\" width=\"195\" height=\"300\" srcset=\"https:\/\/www.centrosophia.com.mx\/academiaonline\/wp-content\/uploads\/2022\/02\/portada_milrelatos-195x300.jpg 195w, https:\/\/www.centrosophia.com.mx\/academiaonline\/wp-content\/uploads\/2022\/02\/portada_milrelatos-666x1024.jpg 666w, https:\/\/www.centrosophia.com.mx\/academiaonline\/wp-content\/uploads\/2022\/02\/portada_milrelatos-600x923.jpg 600w, https:\/\/www.centrosophia.com.mx\/academiaonline\/wp-content\/uploads\/2022\/02\/portada_milrelatos.jpg 768w\" sizes=\"auto, (max-width: 195px) 100vw, 195px\" \/> <img loading=\"lazy\" decoding=\"async\" class=\"alignnone size-medium wp-image-539\" src=\"https:\/\/www.centrosophia.com.mx\/academiaonline\/wp-content\/uploads\/2022\/02\/foto-Edhit-226x300.jpg\" alt=\"Escritora Edith Nava\" width=\"226\" height=\"300\" srcset=\"https:\/\/www.centrosophia.com.mx\/academiaonline\/wp-content\/uploads\/2022\/02\/foto-Edhit-226x300.jpg 226w, https:\/\/www.centrosophia.com.mx\/academiaonline\/wp-content\/uploads\/2022\/02\/foto-Edhit.jpg 540w\" sizes=\"auto, (max-width: 226px) 100vw, 226px\" \/> <img loading=\"lazy\" decoding=\"async\" class=\"alignnone size-medium wp-image-546\" src=\"https:\/\/www.centrosophia.com.mx\/academiaonline\/wp-content\/uploads\/2022\/02\/contraportada2_milrelatos-201x300.jpg\" alt=\"\" width=\"201\" height=\"300\" srcset=\"https:\/\/www.centrosophia.com.mx\/academiaonline\/wp-content\/uploads\/2022\/02\/contraportada2_milrelatos-201x300.jpg 201w, https:\/\/www.centrosophia.com.mx\/academiaonline\/wp-content\/uploads\/2022\/02\/contraportada2_milrelatos.jpg 422w\" sizes=\"auto, (max-width: 201px) 100vw, 201px\" \/><\/div>\n<div>T\u00edtulo: <b>Mil relatos y unos cuentos extraviados<\/b><\/div>\n<div>autora: <b>Edith Nava<\/b><\/div>\n<div>Editorial Fundaci\u00f3n Sophia<\/div>\n<div><b>\u00a0<\/b><\/div>\n<div><b>Rese\u00f1a de la autora:<\/b> Edith Nava naci\u00f3 en la Ciudad de M\u00e9xico en 1973, es escritora, tanat\u00f3loga y logoterapeuta. Ha enriquecido su trabajo y su formaci\u00f3n acad\u00e9mica estudiando \u00e9tica y bio\u00e9tica en la Facultad de Medicina y en la Secretar\u00eda de Salud, Antropolog\u00eda de la Muerte en un seminario permanente a cargo de INAH. Tambi\u00e9n tiene estudios en filosof\u00eda e historia y literatura en el Instituto de Investigaciones Filol\u00f3gicas de la UNAM y estudios en humanidades, filosof\u00eda, historia y religi\u00f3n en la Fundaci\u00f3n Sophia (Espa\u00f1a-M\u00e9xico).<br \/>\nEs cofundadora de la RED INPHEI, para el paciente con enfermedades hematol\u00f3gicas, sus familias y al personal de la salud que los atiende.<br \/>\nOfrece conferencias magistrales, pl\u00e1ticas, cursos, diplomados y talleres de su autor\u00eda.<br \/>\nEs docente en el Colegio Internacional de Educaci\u00f3n Superior de psicolog\u00eda, psicoan\u00e1lisis y psicomotricidad y la Universidad Aut\u00f3noma de Quer\u00e9taro.<br \/>\nPanelista invitada del programa \u201cDi\u00e1logos en confianza\u201d en Canal Once. Public\u00f3 su primer libro de cuentos en 2015.<a href=\"mailto:edithnava07@outlook.com\" target=\"_blank\" rel=\"noopener\">edithnava07@outlook.com<\/a><br \/>\n@edith_nava73<br \/>\n@cuentos.extraviados<\/p>\n<div><\/div>\n<div><\/div>\n<div><b>Rese\u00f1a libro:<\/b> Nuestra sociedad actual vive en la ilusi\u00f3n de que todo es eterno y que la muerte (o la p\u00e9rdida) no existe y que, por lo tanto, no hay necesidad de hablar de ello. Y si \u201cpor alguna raz\u00f3n\u201d llega a ocurrir, se debe sumergir en el dolor y mantenerlo para nosotros \u00fanicamente.<\/div>\n<p>Sin embargo, en este libro el duelo es abordado desde una perspectiva donde no se sublima ni el dolor ni el sufrimiento. Es una b\u00fasqueda del verdadero prop\u00f3sito de la vida. El cual ser\u00eda la aceptaci\u00f3n a lo inevitable: el cambio.<\/p>\n<p>Puede que a lo largo de nuestras experiencias sintamos mucho dolor ante la p\u00e9rdida, ya sea, de nuestra zona de confort, de un ser querido o incluso de una etapa de nuestra vida. Edith nos revela que es a trav\u00e9s de las palabras, que podemos desahogarnos del dolor m\u00e1s indescriptible, y sobre todo nos recuerda que la herramienta m\u00e1s importante para superar los obst\u00e1culos de la vida es el amor hacia los dem\u00e1s y, definitivamente, hacia uno mismo.<\/p>\n<\/div>\n<div><\/div>\n<div><strong>Una parte de los beneficios ir\u00e1 para la Red INPHEI\u00a0&#8211; una red de profesionales que dan atenci\u00f3n a pacientes con enfermedades hematol\u00f3gicas, sus familias y al personal de la salud que los atiende.<\/strong><\/div>\n","protected":false},"excerpt":{"rendered":"<p>Autor: Edith Nava<br \/>\nFecha de Publicaci\u00f3n: Febrero 2022<br \/>\nN\u00famero de P\u00e1ginas: 74<br \/>\nG\u00e9nero: Relato &#8211; Narrativa<\/p>\n","protected":false},"featured_media":540,"comment_status":"open","ping_status":"closed","template":"","meta":[],"product_brand":[],"product_cat":[102],"product_tag":[105,104,107,106],"class_list":{"0":"post-537","1":"product","2":"type-product","3":"status-publish","4":"has-post-thumbnail","6":"product_cat-libros","7":"product_tag-edith-nava","8":"product_tag-libro","9":"product_tag-muerte","10":"product_tag-tanatologia","12":"first","13":"instock","14":"downloadable","15":"virtual","16":"sold-individually","17":"taxable","18":"purchasable","19":"product-type-simple"},"_links":{"self":[{"href":"https:\/\/www.centrosophia.com.mx\/academiaonline\/wp-json\/wp\/v2\/product\/537","targetHints":{"allow":["GET"]}}],"collection":[{"href":"https:\/\/www.centrosophia.com.mx\/academiaonline\/wp-json\/wp\/v2\/product"}],"about":[{"href":"https:\/\/www.centrosophia.com.mx\/academiaonline\/wp-json\/wp\/v2\/types\/product"}],"replies":[{"embeddable":true,"href":"https:\/\/www.centrosophia.com.mx\/academiaonline\/wp-json\/wp\/v2\/comments?post=537"}],"wp:featuredmedia":[{"embeddable":true,"href":"https:\/\/www.centrosophia.com.mx\/academiaonline\/wp-json\/wp\/v2\/media\/540"}],"wp:attachment":[{"href":"https:\/\/www.centrosophia.com.mx\/academiaonline\/wp-json\/wp\/v2\/media?parent=537"}],"wp:term":[{"taxonomy":"product_brand","embeddable":true,"href":"https:\/\/www.centrosophia.com.mx\/academiaonline\/wp-json\/wp\/v2\/product_brand?post=537"},{"taxonomy":"product_cat","embeddable":true,"href":"https:\/\/www.centrosophia.com.mx\/academiaonline\/wp-json\/wp\/v2\/product_cat?post=537"},{"taxonomy":"product_tag","embeddable":true,"href":"https:\/\/www.centrosophia.com.mx\/academiaonline\/wp-json\/wp\/v2\/product_tag?post=537"}],"curies":[{"name":"wp","href":"https:\/\/api.w.org\/{rel}","templated":true}]}}