{"id":842,"date":"2023-01-05T18:10:11","date_gmt":"2023-01-05T18:10:11","guid":{"rendered":"https:\/\/www.centrosophia.com.mx\/academiaonline\/?post_type=product&#038;p=842"},"modified":"2023-01-05T19:00:54","modified_gmt":"2023-01-05T19:00:54","slug":"libro-bhagavad-gita","status":"publish","type":"product","link":"https:\/\/www.centrosophia.com.mx\/academiaonline\/tienda\/libros\/libro-bhagavad-gita\/","title":{"rendered":"Libro Bhagavad Gita"},"content":{"rendered":"<h1>Bhagavad Gita<\/h1>\n<h2>El mensaje del maestro<\/h2>\n<p>&nbsp;<\/p>\n<p>Ciertos libros ejercen una extra\u00f1a fascinaci\u00f3n sobre el alma<br \/>\nhumana. El Bhagavad Gita es, sin duda, uno de ellos. Los ecos<br \/>\nlejanos de sus versos han doblegado con su fuerte hechizo la<br \/>\nimaginaria l\u00ednea del tiempo, nutriendo el esp\u00edritu del hom-<br \/>\nbre con ense\u00f1anzas de sabidur\u00eda, generaci\u00f3n tras generaci\u00f3n.<br \/>\nVarios milenios han pasado desde que el poeta visionario vol-<br \/>\ncara en el lenguaje del mito una imagen arquet\u00edpica: el Maes-<br \/>\ntro que revela a su disc\u00edpulo el camino hacia la perfecci\u00f3n.<br \/>\nDesde entonces, millones de seres de todas las razas, credos<br \/>\ny niveles culturales han encontrado en ella inspiraci\u00f3n, gu\u00eda<br \/>\ny esperanza.<br \/>\nY es que en la fugacidad de nuestra carrera existencial, un<br \/>\ncierto anhelo de trascendencia nos impele a buscar en el ho-<br \/>\nrizonte de la conciencia cumbres luminosas desde las cuales<br \/>\npoder intuir la totalidad. Por eso, el estudio y reflexi\u00f3n de los<br \/>\nversos del Gita provoca en el lector que una parte de su ser<br \/>\nse eleve muy por encima del inquieto vaiv\u00e9n de las circuns-<br \/>\ntancias vitales, hacia la serena cumbre de la contemplaci\u00f3n<br \/>\ninterior. Pues desde esa altura, rodeado de un prodigioso si-<br \/>\nlencio, percibe con claridad la voz de Krishna, el Maestro,<br \/>\nque hablando a Arjuna parece dirigirse a su propia alma: \u00ab\u00a1No<br \/>\nte rindas!, \u00a1Y\u00e9rguete y lucha!\u00bb\u2026<\/p>\n","protected":false},"excerpt":{"rendered":"<h2>El mensaje del maestro<\/h2>\n<p>&nbsp;<\/p>\n<p>Ciertos libros ejercen una extra\u00f1a fascinaci\u00f3n sobre el alma<br \/>\nhumana. El Bhagavad Gita es, sin duda, uno de ellos. Los ecos<br \/>\nlejanos de sus versos han doblegado con su fuerte hechizo la<br \/>\nimaginaria l\u00ednea del tiempo, nutriendo el esp\u00edritu del hom-<br \/>\nbre con ense\u00f1anzas de sabidur\u00eda, generaci\u00f3n tras generaci\u00f3n.<\/p>\n","protected":false},"featured_media":844,"comment_status":"open","ping_status":"closed","template":"","meta":[],"product_brand":[],"product_cat":[102],"product_tag":[189,194,182,205,185,167,191,184,234,162,204,200,208,190],"class_list":{"0":"post-842","1":"product","2":"type-product","3":"status-publish","4":"has-post-thumbnail","6":"product_cat-libros","7":"product_tag-arjuna","8":"product_tag-autodominio","9":"product_tag-bhagavad-gita","10":"product_tag-bhakti-yoga","11":"product_tag-coleccion-grandes-pensamientos-de-la-humanidad","12":"product_tag-conciencia","13":"product_tag-conocimiento-espiritual","14":"product_tag-editorial-fundacion-sophia","15":"product_tag-el-mensaje-del-maestro","16":"product_tag-espiritualidad","17":"product_tag-naturaleza-divina","18":"product_tag-perfeccion-universal","19":"product_tag-renuncia","20":"product_tag-yoga","22":"first","23":"instock","24":"sale","25":"downloadable","26":"virtual","27":"taxable","28":"purchasable","29":"product-type-simple"},"_links":{"self":[{"href":"https:\/\/www.centrosophia.com.mx\/academiaonline\/wp-json\/wp\/v2\/product\/842","targetHints":{"allow":["GET"]}}],"collection":[{"href":"https:\/\/www.centrosophia.com.mx\/academiaonline\/wp-json\/wp\/v2\/product"}],"about":[{"href":"https:\/\/www.centrosophia.com.mx\/academiaonline\/wp-json\/wp\/v2\/types\/product"}],"replies":[{"embeddable":true,"href":"https:\/\/www.centrosophia.com.mx\/academiaonline\/wp-json\/wp\/v2\/comments?post=842"}],"wp:featuredmedia":[{"embeddable":true,"href":"https:\/\/www.centrosophia.com.mx\/academiaonline\/wp-json\/wp\/v2\/media\/844"}],"wp:attachment":[{"href":"https:\/\/www.centrosophia.com.mx\/academiaonline\/wp-json\/wp\/v2\/media?parent=842"}],"wp:term":[{"taxonomy":"product_brand","embeddable":true,"href":"https:\/\/www.centrosophia.com.mx\/academiaonline\/wp-json\/wp\/v2\/product_brand?post=842"},{"taxonomy":"product_cat","embeddable":true,"href":"https:\/\/www.centrosophia.com.mx\/academiaonline\/wp-json\/wp\/v2\/product_cat?post=842"},{"taxonomy":"product_tag","embeddable":true,"href":"https:\/\/www.centrosophia.com.mx\/academiaonline\/wp-json\/wp\/v2\/product_tag?post=842"}],"curies":[{"name":"wp","href":"https:\/\/api.w.org\/{rel}","templated":true}]}}