{"id":855,"date":"2023-01-05T19:16:03","date_gmt":"2023-01-05T19:16:03","guid":{"rendered":"https:\/\/www.centrosophia.com.mx\/academiaonline\/?post_type=product&#038;p=855"},"modified":"2023-01-05T19:17:49","modified_gmt":"2023-01-05T19:17:49","slug":"libro-educar-con-corazon","status":"publish","type":"product","link":"https:\/\/www.centrosophia.com.mx\/academiaonline\/tienda\/libros\/libro-educar-con-corazon\/","title":{"rendered":"Libro Educar con Coraz\u00f3n"},"content":{"rendered":"<div class=\"elementor-element elementor-element-8a6e1a9 elementor-widget elementor-widget-heading\" data-id=\"8a6e1a9\" data-element_type=\"widget\" data-widget_type=\"heading.default\">\n<div class=\"elementor-widget-container\">\n<h1 class=\"elementor-heading-title elementor-size-default\">Educar con Coraz\u00f3n<\/h1>\n<\/div>\n<\/div>\n<div class=\"elementor-element elementor-element-ea79a25 elementor-widget elementor-widget-toggle\" data-id=\"ea79a25\" data-element_type=\"widget\" data-widget_type=\"toggle.default\">\n<div class=\"elementor-widget-container\">\n<div class=\"elementor-toggle\" role=\"tablist\">\n<div class=\"elementor-toggle-item\">\n<h3 id=\"elementor-tab-title-2451\" class=\"elementor-tab-title elementor-active\" tabindex=\"0\" role=\"tab\" data-tab=\"1\" aria-controls=\"elementor-tab-content-2451\" aria-expanded=\"true\" aria-selected=\"true\"><strong>Catalina Simonet Vidal y V\u00edctor Vilar Gisbert<br \/>\n<\/strong><\/h3>\n<div class=\"elementor-toggle-item\">\n<p>El paradigma educativo est\u00e1 sufriendo grandes cambios. Es cuesti\u00f3n de tiempo, que sus protagonistas, los profesores, apliquen una nueva mirada hacia el alumno, hacia ellos mismos y su labor en el aula, con el fin de formar y educar seres humanos \u00edntegros y completos, en donde la cabeza, el coraz\u00f3n y las manos formen una unidad que implique armon\u00eda y ayude a extraer del interior de cada alumno sus mejores capacidades.<\/p>\n<p>Esto s\u00f3lo ser\u00e1 posible si introducimos como principal materia la educaci\u00f3n emocional: autoconocimiento, c\u00f3mo reconocer y gestionar nuestras emociones, c\u00f3mo enfrentar el conflicto, c\u00f3mo aprender a vivir cada instante con plenitud. Esta materia es tan flexible que se deber\u00eda incorporar transversalmente en todas las asignaturas y en cualquier situaci\u00f3n, porque conforma el contexto en el cual podremos realizar nuestra labor docente con \u00e9xito y superando todos los obst\u00e1culos que tiene ante s\u00ed el maestro. Lo importante, entonces, ser\u00e1 c\u00f3mo lo transmitimos a los alumnos.<\/p>\n<p>Al contrario de lo que se pueda pensar, no significa a\u00f1adir m\u00e1s tarea a la labor del profesor sino aligerar su presi\u00f3n, ya que se favorece la comunicaci\u00f3n s\u00f3lida y sincera entre alumnos y profesores, previene problemas y mejora la convivencia diaria en las aulas.<\/p>\n<p>Este libro es una herramienta \u00fatil y pr\u00e1ctica para aquellos profesores que sientan su privilegiado papel en esta revoluci\u00f3n en positivo. Adem\u00e1s de ser necesaria, ya es una realidad imparable.<\/p>\n<\/div>\n<h3><\/h3>\n<h3 class=\"elementor-toggle-item\">Sobre los autores<\/h3>\n<div id=\"elementor-tab-content-2452\" class=\"elementor-tab-content elementor-clearfix elementor-active\" role=\"tabpanel\" data-tab=\"2\" aria-labelledby=\"elementor-tab-title-2452\">\n<div id=\"elementor-tab-content-2452\" class=\"elementor-tab-content elementor-clearfix elementor-active\" role=\"tabpanel\" data-tab=\"2\" aria-labelledby=\"elementor-tab-title-2452\">\n<p><strong>Catalina Simonet Vidal\u00a0<\/strong>es Licenciada en Pedagog\u00eda Musical, Directora de la Escuela de M\u00fasica Renacimiento en Palma de Mallorca y profesora del CES (Centro de Estudios Sophia). Es especialista en formaci\u00f3n a educadores en Inteligencia emocional y ha impartido diversos cursos para el profesorado con la Conselleria d\u2019Educaci\u00f3 i Universitat del Govern de les Illes Balears. Tiene m\u00e1s de 17 a\u00f1os de experiencia como docente, tanto en clases individuales como grupales, de temas relacionados con la m\u00fasica y el desarrollo personal. Ha publicado el libro:\u00a0<em>La influencia de la m\u00fasica en el ser humano<\/em>\u00a0(2012 Fundaci\u00f3n Sophia).<\/p>\n<p><strong>\u00a0<\/strong><\/p>\n<p><strong>V\u00edctor Vilar Gisbert\u00a0<\/strong>es Licenciado en Filosof\u00eda y M\u00e1ster en Filosof\u00eda Te\u00f3rica y Pr\u00e1ctica. Ha recibido formaci\u00f3n en asesoramiento filos\u00f3fico por M\u00f3nica Cavall\u00e9 e inteligencia emocional en la UNED. Actualmente es Director y profesor del CES, en Ciudad de M\u00e9xico. En el 2013 impuls\u00f3 dentro de la Fundaci\u00f3n Sophia el programa\u00a0<strong>Educir<\/strong>, un proyecto pedag\u00f3gico interdisciplinario que une a distintos profesionales de las ramas de la pedagog\u00eda, la psicolog\u00eda, la filosof\u00eda, el humanismo y la educaci\u00f3n medioambiental, para el desarrollo de una educaci\u00f3n m\u00e1s completa y hol\u00edstica. Ha publicado un estudio introductorio en el libro<em>\u00a0Fragmentos Pitag\u00f3ricos<\/em>\u00a0(Fundaci\u00f3n Sophia 2104); un cuento simb\u00f3lico\u00a0<em>El carcelero\u00a0<\/em>(Corona Borealis 2011); y dos libros de poes\u00eda\u00a0<em>Dichoso t\u00fa que sabes de qu\u00e9 hablo<\/em>\u00a0(Fundaci\u00f3n Sophia 2011) y\u00a0<em>Sue\u00f1os de Centauro<\/em>\u00a0(Fundaci\u00f3n Sophia 2016).<\/p>\n<\/div>\n<\/div>\n<\/div>\n<\/div>\n<\/div>\n<\/div>\n","protected":false},"excerpt":{"rendered":"<p>El paradigma educativo est\u00e1 sufriendo grandes cambios. Es cuesti\u00f3n de tiempo, que sus protagonistas, los profesores, apliquen una nueva mirada hacia el alumno, hacia ellos mismos y su labor en el aula, con el fin de formar y educar seres humanos \u00edntegros y completos, en donde la cabeza, el coraz\u00f3n y las manos formen una unidad que implique armon\u00eda y ayude a extraer del interior de cada alumno sus mejores capacidades.<\/p>\n","protected":false},"featured_media":857,"comment_status":"open","ping_status":"closed","template":"","meta":[],"product_brand":[],"product_cat":[102],"product_tag":[248,245,184,241,247,246,244,243,242],"class_list":{"0":"post-855","1":"product","2":"type-product","3":"status-publish","4":"has-post-thumbnail","6":"product_cat-libros","7":"product_tag-aprendizaje","8":"product_tag-comunicacion","9":"product_tag-editorial-fundacion-sophia","10":"product_tag-educar","11":"product_tag-escuchar","12":"product_tag-lenguaje-corporal","13":"product_tag-planeta-emocional","14":"product_tag-profesorado","15":"product_tag-reflexion","17":"first","18":"instock","19":"sale","20":"downloadable","21":"virtual","22":"taxable","23":"purchasable","24":"product-type-simple"},"_links":{"self":[{"href":"https:\/\/www.centrosophia.com.mx\/academiaonline\/wp-json\/wp\/v2\/product\/855","targetHints":{"allow":["GET"]}}],"collection":[{"href":"https:\/\/www.centrosophia.com.mx\/academiaonline\/wp-json\/wp\/v2\/product"}],"about":[{"href":"https:\/\/www.centrosophia.com.mx\/academiaonline\/wp-json\/wp\/v2\/types\/product"}],"replies":[{"embeddable":true,"href":"https:\/\/www.centrosophia.com.mx\/academiaonline\/wp-json\/wp\/v2\/comments?post=855"}],"wp:featuredmedia":[{"embeddable":true,"href":"https:\/\/www.centrosophia.com.mx\/academiaonline\/wp-json\/wp\/v2\/media\/857"}],"wp:attachment":[{"href":"https:\/\/www.centrosophia.com.mx\/academiaonline\/wp-json\/wp\/v2\/media?parent=855"}],"wp:term":[{"taxonomy":"product_brand","embeddable":true,"href":"https:\/\/www.centrosophia.com.mx\/academiaonline\/wp-json\/wp\/v2\/product_brand?post=855"},{"taxonomy":"product_cat","embeddable":true,"href":"https:\/\/www.centrosophia.com.mx\/academiaonline\/wp-json\/wp\/v2\/product_cat?post=855"},{"taxonomy":"product_tag","embeddable":true,"href":"https:\/\/www.centrosophia.com.mx\/academiaonline\/wp-json\/wp\/v2\/product_tag?post=855"}],"curies":[{"name":"wp","href":"https:\/\/api.w.org\/{rel}","templated":true}]}}