{"id":858,"date":"2023-01-05T19:26:53","date_gmt":"2023-01-05T19:26:53","guid":{"rendered":"https:\/\/www.centrosophia.com.mx\/academiaonline\/?post_type=product&#038;p=858"},"modified":"2023-01-05T19:26:53","modified_gmt":"2023-01-05T19:26:53","slug":"libro-el-jardin-interior","status":"publish","type":"product","link":"https:\/\/www.centrosophia.com.mx\/academiaonline\/tienda\/libros\/libro-el-jardin-interior\/","title":{"rendered":"Libro El Jard\u00edn Interior"},"content":{"rendered":"<div class=\"elementor-element elementor-element-9f2dade elementor-widget elementor-widget-heading\" data-id=\"9f2dade\" data-element_type=\"widget\" data-widget_type=\"heading.default\">\n<div class=\"elementor-widget-container\">\n<h1 class=\"elementor-heading-title elementor-size-default\">El Jard\u00edn Interior<\/h1>\n<h3>Francis J. Vilar<\/h3>\n<p>&nbsp;<\/p>\n<p>Al igual que ese eco brillante que mana desde lo profundo del ser del mundo y de nuestro propio interior, las 365 frases que llenan estas p\u00e1ginas son como l\u00e1mparas de fuego que iluminan el camino; como flores de un jard\u00edn, cuyo perfume inspira en el peregrino el esfuerzo heroico para alcanzar la maestr\u00eda en el m\u00e1s dif\u00edcil y apasionante de todos los artes, el arte de vivir.<\/p>\n<\/div>\n<\/div>\n<h3><\/h3>\n<h3>Sobre el autor<\/h3>\n<div id=\"elementor-tab-content-1622\" class=\"elementor-tab-content elementor-clearfix elementor-active\" role=\"tabpanel\" data-tab=\"2\" aria-labelledby=\"elementor-tab-title-1622\">\n<p><strong>Javier Vilar\u00a0<\/strong>es un destacado mecenas, fundador y presidente de la Fundaci\u00f3n Sophia, instituci\u00f3n docente dedicada a la investigaci\u00f3n, estudio y difusi\u00f3n del pensamiento y el arte de las culturas tradicionales.<\/p>\n<p>En un \u00e1mbito m\u00e1s especializado es Egipt\u00f3logo por la Escuela de Egiptolog\u00eda de Barcelona, miembro acad\u00e9mico de la Escuela Europea de Arqueolog\u00eda, Antropolog\u00eda y Estudios Cl\u00e1sicos y Editor de la revista El Mundo de Sophia.<\/p>\n<p>Desde 1988 ha realizado una intensa labor como promotor de la cultura y el voluntariado, animando incontables proyectos de colaboraci\u00f3n interdisciplinar entre universidades e instituciones nacionales e internacionales.<\/p>\n<\/div>\n","protected":false},"excerpt":{"rendered":"<p>Al igual que ese eco brillante que mana desde lo profundo del ser del mundo y de nuestro propio interior, las 365 frases que llenan estas p\u00e1ginas son como l\u00e1mparas de fuego que iluminan el camino; como flores de un jard\u00edn, cuyo perfume inspira en el peregrino el esfuerzo heroico para alcanzar la maestr\u00eda en el m\u00e1s dif\u00edcil y apasionante de todos los artes, el arte de vivir.<\/p>\n","protected":false},"featured_media":860,"comment_status":"open","ping_status":"closed","template":"","meta":[],"product_brand":[],"product_cat":[102],"product_tag":[184,251,250,249],"class_list":{"0":"post-858","1":"product","2":"type-product","3":"status-publish","4":"has-post-thumbnail","6":"product_cat-libros","7":"product_tag-editorial-fundacion-sophia","8":"product_tag-esperanza","9":"product_tag-francis-vilar","10":"product_tag-frases","12":"first","13":"instock","14":"sale","15":"downloadable","16":"virtual","17":"taxable","18":"purchasable","19":"product-type-simple"},"_links":{"self":[{"href":"https:\/\/www.centrosophia.com.mx\/academiaonline\/wp-json\/wp\/v2\/product\/858","targetHints":{"allow":["GET"]}}],"collection":[{"href":"https:\/\/www.centrosophia.com.mx\/academiaonline\/wp-json\/wp\/v2\/product"}],"about":[{"href":"https:\/\/www.centrosophia.com.mx\/academiaonline\/wp-json\/wp\/v2\/types\/product"}],"replies":[{"embeddable":true,"href":"https:\/\/www.centrosophia.com.mx\/academiaonline\/wp-json\/wp\/v2\/comments?post=858"}],"wp:featuredmedia":[{"embeddable":true,"href":"https:\/\/www.centrosophia.com.mx\/academiaonline\/wp-json\/wp\/v2\/media\/860"}],"wp:attachment":[{"href":"https:\/\/www.centrosophia.com.mx\/academiaonline\/wp-json\/wp\/v2\/media?parent=858"}],"wp:term":[{"taxonomy":"product_brand","embeddable":true,"href":"https:\/\/www.centrosophia.com.mx\/academiaonline\/wp-json\/wp\/v2\/product_brand?post=858"},{"taxonomy":"product_cat","embeddable":true,"href":"https:\/\/www.centrosophia.com.mx\/academiaonline\/wp-json\/wp\/v2\/product_cat?post=858"},{"taxonomy":"product_tag","embeddable":true,"href":"https:\/\/www.centrosophia.com.mx\/academiaonline\/wp-json\/wp\/v2\/product_tag?post=858"}],"curies":[{"name":"wp","href":"https:\/\/api.w.org\/{rel}","templated":true}]}}