{"id":861,"date":"2023-01-05T19:37:45","date_gmt":"2023-01-05T19:37:45","guid":{"rendered":"https:\/\/www.centrosophia.com.mx\/academiaonline\/?post_type=product&#038;p=861"},"modified":"2023-01-05T19:39:09","modified_gmt":"2023-01-05T19:39:09","slug":"libro-el-secreto-del-dragon-dorado","status":"publish","type":"product","link":"https:\/\/www.centrosophia.com.mx\/academiaonline\/tienda\/libros\/libro-el-secreto-del-dragon-dorado\/","title":{"rendered":"Libro El Secreto del Drag\u00f3n Dorado"},"content":{"rendered":"<div class=\"elementor-element elementor-element-d27f174 elementor-widget elementor-widget-heading\" data-id=\"d27f174\" data-element_type=\"widget\" data-widget_type=\"heading.default\">\n<div class=\"elementor-widget-container\">\n<h1 class=\"elementor-heading-title elementor-size-default\">El Secreto del Drag\u00f3n Dorado<\/h1>\n<h3><strong>Antonio Mar\u00ed Planells<\/strong><\/h3>\n<\/div>\n<\/div>\n<div class=\"elementor-element elementor-element-c9263ae elementor-widget elementor-widget-toggle\" data-id=\"c9263ae\" data-element_type=\"widget\" data-widget_type=\"toggle.default\">\n<div class=\"elementor-widget-container\">\n<div class=\"elementor-toggle\" role=\"tablist\">\n<div class=\"elementor-toggle-item\">\n<div id=\"elementor-tab-title-2101\" class=\"elementor-tab-title elementor-active\" tabindex=\"0\" role=\"tab\" data-tab=\"1\" aria-controls=\"elementor-tab-content-2101\" aria-expanded=\"true\" aria-selected=\"true\"><\/div>\n<div id=\"elementor-tab-content-2101\" class=\"elementor-tab-content elementor-clearfix elementor-active\" role=\"tabpanel\" data-tab=\"1\" aria-labelledby=\"elementor-tab-title-2101\">\n<p>En el albor del siglo XVI, Sim\u00f3n, un joven con ciertas capacidades ps\u00edquicas, se embarca en Sevilla como poliz\u00f3n en el primer viaje mar\u00edtimo de circunvalaci\u00f3n de la tierra. Tras superar las m\u00e1s duras experiencias f\u00edsicas, psicol\u00f3gicas y m\u00e1gicas, llega a la provincia China de Henan, donde se alza el m\u00edtico monasterio de Shaol\u00edn.<\/p>\n<p>Ning\u00fan occidental hab\u00eda sido admitido antes para desarrollar los m\u00edsticos poderes de los monjes guerreros y desvelar el secreto del Drag\u00f3n Dorado. La historia aumenta de intensidad al descubrir al amor de su vida y al verse inmiscuido en una arriesgada lucha por el poder entre los hechiceros de magia negra y los guardianes de la tradici\u00f3n espiritual de Oriente.<\/p>\n<p>Un viaje inici\u00e1tico al coraz\u00f3n de la China milenaria\u2026<\/p>\n<\/div>\n<\/div>\n<div><\/div>\n<div class=\"elementor-toggle-item\">\n<h3>Sobre el autor<\/h3>\n<div id=\"elementor-tab-content-2102\" class=\"elementor-tab-content elementor-clearfix elementor-active\" role=\"tabpanel\" data-tab=\"2\" aria-labelledby=\"elementor-tab-title-2102\">\n<p><strong>Antonio Mar\u00ed Planells<\/strong>\u00a0nace en Formentera en 1968. Inicia su pr\u00e1ctica en las Artes Marciales bajo la modalidad de Karate-do a los trece a\u00f1os de edad, llegando en la actualidad a ser Cinto Negro Tercer Dan y T\u00e9cnico Deportivo del estilo Shotokan. Paralelamente, ha profundizado en la Sabidur\u00eda tradicional de Oriente: tao\u00edsmo, zen, budismo, confucianismo\u2026, tanto en sus aspectos te\u00f3ricos como en sus vertientes contemplativas y psicol\u00f3gicas. Hoy sale a la luz su primera novela fruto de tres d\u00e9cadas de vivencias interiores.<\/p>\n<p>Antonio Mar\u00ed es Director Ejecutivo de la Fundaci\u00f3n Sophia desde el a\u00f1o 2005. Conferenciante y docente del Centro de Estudios Sophia, se ha formado adem\u00e1s en Naturopat\u00eda, Medicinas Alternativas, Gestalt, Coaching, etc.<\/p>\n<\/div>\n<\/div>\n<\/div>\n<\/div>\n<\/div>\n","protected":false},"excerpt":{"rendered":"<p>En el albor del siglo XVI, Sim\u00f3n, un joven con ciertas capacidades ps\u00edquicas, se embarca en Sevilla como poliz\u00f3n en el primer viaje mar\u00edtimo de circunvalaci\u00f3n de la tierra. Tras superar las m\u00e1s duras experiencias f\u00edsicas, psicol\u00f3gicas y m\u00e1gicas, llega a la provincia China de Henan, donde se alza el m\u00edtico monasterio de Shaol\u00edn.<\/p>\n","protected":false},"featured_media":864,"comment_status":"open","ping_status":"closed","template":"","meta":[],"product_brand":[],"product_cat":[102],"product_tag":[254,255,164,184,253,252],"class_list":{"0":"post-861","1":"product","2":"type-product","3":"status-publish","4":"has-post-thumbnail","6":"product_cat-libros","7":"product_tag-balance","8":"product_tag-capacidades-psiquicas","9":"product_tag-china","10":"product_tag-editorial-fundacion-sophia","11":"product_tag-oriente","12":"product_tag-shaolin","14":"first","15":"instock","16":"sale","17":"downloadable","18":"virtual","19":"taxable","20":"purchasable","21":"product-type-simple"},"_links":{"self":[{"href":"https:\/\/www.centrosophia.com.mx\/academiaonline\/wp-json\/wp\/v2\/product\/861","targetHints":{"allow":["GET"]}}],"collection":[{"href":"https:\/\/www.centrosophia.com.mx\/academiaonline\/wp-json\/wp\/v2\/product"}],"about":[{"href":"https:\/\/www.centrosophia.com.mx\/academiaonline\/wp-json\/wp\/v2\/types\/product"}],"replies":[{"embeddable":true,"href":"https:\/\/www.centrosophia.com.mx\/academiaonline\/wp-json\/wp\/v2\/comments?post=861"}],"wp:featuredmedia":[{"embeddable":true,"href":"https:\/\/www.centrosophia.com.mx\/academiaonline\/wp-json\/wp\/v2\/media\/864"}],"wp:attachment":[{"href":"https:\/\/www.centrosophia.com.mx\/academiaonline\/wp-json\/wp\/v2\/media?parent=861"}],"wp:term":[{"taxonomy":"product_brand","embeddable":true,"href":"https:\/\/www.centrosophia.com.mx\/academiaonline\/wp-json\/wp\/v2\/product_brand?post=861"},{"taxonomy":"product_cat","embeddable":true,"href":"https:\/\/www.centrosophia.com.mx\/academiaonline\/wp-json\/wp\/v2\/product_cat?post=861"},{"taxonomy":"product_tag","embeddable":true,"href":"https:\/\/www.centrosophia.com.mx\/academiaonline\/wp-json\/wp\/v2\/product_tag?post=861"}],"curies":[{"name":"wp","href":"https:\/\/api.w.org\/{rel}","templated":true}]}}