{"id":870,"date":"2023-01-05T19:56:26","date_gmt":"2023-01-05T19:56:26","guid":{"rendered":"https:\/\/www.centrosophia.com.mx\/academiaonline\/?post_type=product&#038;p=870"},"modified":"2023-01-05T19:56:26","modified_gmt":"2023-01-05T19:56:26","slug":"libro-la-aldea-global","status":"publish","type":"product","link":"https:\/\/www.centrosophia.com.mx\/academiaonline\/tienda\/libros\/libro-la-aldea-global\/","title":{"rendered":"Libro La Aldea Global"},"content":{"rendered":"<h1 class=\"elementor-heading-title elementor-size-default\">La Aldea Global<\/h1>\n<h2>Y otras ideas para pensar<\/h2>\n<h3>Francis J. Vilar<\/h3>\n<p>&nbsp;<\/p>\n<div id=\"elementor-tab-content-1621\" class=\"elementor-tab-content elementor-clearfix elementor-active\" role=\"tabpanel\" data-tab=\"1\" aria-labelledby=\"elementor-tab-title-1621\">\n<p>En la medida que el ser humano ha ido evolucionando, ha variado paulatinamente su concepci\u00f3n del mundo, de la vida y del hombre. Ahora, nuevamente, debemos ser capaces de adoptar una nueva visi\u00f3n de la realidad, una concepci\u00f3n m\u00e1s global, respetuosa, tolerante y solidaria, que nos permita interpretar \u2013en armon\u00eda con las dem\u00e1s forma de vida existentes\u2013nuestra leg\u00edtima partitura en la \u201cdivina sinfon\u00eda de la creaci\u00f3n\u201d.<\/p>\n<p>Desde el principio de los tiempos, hemos interrogado a la Naturaleza buscando una respuesta coherente a los porqu\u00e9s de la vida y de nuestra propia existencia. La historia de esta \u00e9pica\u00a0 \u00abb\u00fasqueda interior\u00bb enmarca los apasionantes cap\u00edtulos de una sublime epopeya, en la que todos somos en mayor o menor medida sus verdaderos protagonistas, pues se trata ni m\u00e1s ni menos que de \u00abla gran aventura del conocimiento\u00bb<\/p>\n<\/div>\n<p>&nbsp;<\/p>\n<h3>Sobre el autor<\/h3>\n<div id=\"elementor-tab-content-1622\" class=\"elementor-tab-content elementor-clearfix elementor-active\" role=\"tabpanel\" data-tab=\"2\" aria-labelledby=\"elementor-tab-title-1622\">\n<p><strong>Javier Vilar\u00a0<\/strong>es un destacado mecenas, fundador y presidente de la Fundaci\u00f3n Sophia, instituci\u00f3n docente dedicada a la investigaci\u00f3n, estudio y difusi\u00f3n del pensamiento y el arte de las culturas tradicionales.<\/p>\n<p>En un \u00e1mbito m\u00e1s especializado es Egipt\u00f3logo por la Escuela de Egiptolog\u00eda de Barcelona, miembro acad\u00e9mico de la Escuela Europea de Arqueolog\u00eda, Antropolog\u00eda y Estudios Cl\u00e1sicos y Editor de la revista El Mundo de Sophia.<\/p>\n<p>Desde 1988 ha realizado una intensa labor como promotor de la cultura y el voluntariado, animando incontables proyectos de colaboraci\u00f3n interdisciplinar entre universidades e instituciones nacionales e internacionales.<\/p>\n<\/div>\n","protected":false},"excerpt":{"rendered":"<p>En la medida que el ser humano ha ido evolucionando, ha variado paulatinamente su concepci\u00f3n del mundo, de la vida y del hombre. Ahora, nuevamente, debemos ser capaces de adoptar una nueva visi\u00f3n de la realidad, una concepci\u00f3n m\u00e1s global, respetuosa, tolerante y solidaria, que nos permita interpretar \u2013en armon\u00eda con las dem\u00e1s forma de vida existentes\u2013nuestra leg\u00edtima partitura en la \u201cdivina sinfon\u00eda de la creaci\u00f3n\u201d.<\/p>\n","protected":false},"featured_media":872,"comment_status":"open","ping_status":"closed","template":"","meta":[],"product_brand":[],"product_cat":[102],"product_tag":[260,266,263,184,264,262,261,265],"class_list":{"0":"post-870","1":"product","2":"type-product","3":"status-publish","4":"has-post-thumbnail","6":"product_cat-libros","7":"product_tag-aldea-global","8":"product_tag-crisis","9":"product_tag-cultura","10":"product_tag-editorial-fundacion-sophia","11":"product_tag-sociedad","12":"product_tag-tierra","13":"product_tag-tolerancia","14":"product_tag-voluntariado","16":"first","17":"instock","18":"sale","19":"downloadable","20":"virtual","21":"taxable","22":"purchasable","23":"product-type-simple"},"_links":{"self":[{"href":"https:\/\/www.centrosophia.com.mx\/academiaonline\/wp-json\/wp\/v2\/product\/870","targetHints":{"allow":["GET"]}}],"collection":[{"href":"https:\/\/www.centrosophia.com.mx\/academiaonline\/wp-json\/wp\/v2\/product"}],"about":[{"href":"https:\/\/www.centrosophia.com.mx\/academiaonline\/wp-json\/wp\/v2\/types\/product"}],"replies":[{"embeddable":true,"href":"https:\/\/www.centrosophia.com.mx\/academiaonline\/wp-json\/wp\/v2\/comments?post=870"}],"wp:featuredmedia":[{"embeddable":true,"href":"https:\/\/www.centrosophia.com.mx\/academiaonline\/wp-json\/wp\/v2\/media\/872"}],"wp:attachment":[{"href":"https:\/\/www.centrosophia.com.mx\/academiaonline\/wp-json\/wp\/v2\/media?parent=870"}],"wp:term":[{"taxonomy":"product_brand","embeddable":true,"href":"https:\/\/www.centrosophia.com.mx\/academiaonline\/wp-json\/wp\/v2\/product_brand?post=870"},{"taxonomy":"product_cat","embeddable":true,"href":"https:\/\/www.centrosophia.com.mx\/academiaonline\/wp-json\/wp\/v2\/product_cat?post=870"},{"taxonomy":"product_tag","embeddable":true,"href":"https:\/\/www.centrosophia.com.mx\/academiaonline\/wp-json\/wp\/v2\/product_tag?post=870"}],"curies":[{"name":"wp","href":"https:\/\/api.w.org\/{rel}","templated":true}]}}