{"id":876,"date":"2023-01-05T20:08:55","date_gmt":"2023-01-05T20:08:55","guid":{"rendered":"https:\/\/www.centrosophia.com.mx\/academiaonline\/?post_type=product&#038;p=876"},"modified":"2023-01-05T20:08:56","modified_gmt":"2023-01-05T20:08:56","slug":"libro-maat-y-el-arte-de-vivir","status":"publish","type":"product","link":"https:\/\/www.centrosophia.com.mx\/academiaonline\/tienda\/libros\/libro-maat-y-el-arte-de-vivir\/","title":{"rendered":"Libro Maat y el arte de vivir"},"content":{"rendered":"<h1 class=\"elementor-heading-title elementor-size-default\">Maat y el arte de vivir<\/h1>\n<h3>Javier Vilar<\/h3>\n<div id=\"elementor-tab-content-1851\" class=\"elementor-tab-content elementor-clearfix elementor-active\" role=\"tabpanel\" data-tab=\"1\" aria-labelledby=\"elementor-tab-title-1851\">\n<p>El antiguo Egipto fue\u00a0<strong>el pa\u00eds de los sabios,<\/strong>\u00a0la cuna ancestral de unos hombres y mujeres dotados de gran visi\u00f3n, capacidad e inteligencia coma cuyas extraordinarios logros y realizaciones siguen despertando todav\u00eda hoy nuestra admiraci\u00f3n y nuestro asombro. A trav\u00e9s de sus monumentos, sus obras de arte, sus textos e inscripciones jerogl\u00edficas, sus libros, sus muebles, herramientas y utensilios cotidianos, los antiguos egipcios nos han legado el valioso testimonio de su mundo. Un mundo simb\u00f3lico y sagrado, animado por la inmanente presencia de sus dioses; gobernado por grandes faraones e instruido por una larga estirpe de sabios venerables que, a trav\u00e9s de su filosof\u00eda sapiencial, sus ense\u00f1anzas para el arte de vivir y su propio ejemplo de vida, supieron inspirar a sus dirigentes, escribas y funcionarios, un alto sentido del deber moral, la conciencia social y la responsabilidad pol\u00edtica, como bien ha quedado reflejado en sus<strong>\u00a0textos sapienciales.<\/strong><\/p>\n<p>Con\u00a0<strong>\u00abMaat y el arte de vivir\u00bb<\/strong>\u00a0el egipt\u00f3logo Javier Vilar nos introduce en el fascinante mundo del antiguo Egipto, permiti\u00e9ndonos conocer un poco m\u00e1s de cerca cu\u00e1l era su cosmovisi\u00f3n m\u00e1gica su filosof\u00eda de vida, sus escuelas de sabidur\u00eda, su sistema de ense\u00f1anza, los valores \u00e9ticos que inculcan a sus hijos a trav\u00e9s de la educaci\u00f3n y los principios ideales que inspiraban su anhelo de vivir en armon\u00eda con la vida, con los dem\u00e1s seres y consigo mismos. Y es que para los antiguos egipcios la vida era una escuela de ense\u00f1anza en la que el hombre pod\u00eda aprender las claves del arte de vivir y ejercitarse hasta llegar a alcanzar la maestr\u00eda y convertirse en un sabio venerable. Un ideal del arte de vivir basado en la excelencia del car\u00e1cter, que ellos ve\u00edan perfectamente reflejada en el sereno talante de sus sabios, en la ecuanimidad de sus juicios, la rectitud de su conducta, la integridad del pensamiento, deseos, palabras y actos coma y sobre todo, en su amor a la Maat, orden natural de la existencia o armon\u00eda universal.<\/p>\n<\/div>\n<h3>Sobre el autor<\/h3>\n<div id=\"elementor-tab-content-1852\" class=\"elementor-tab-content elementor-clearfix elementor-active\" role=\"tabpanel\" data-tab=\"2\" aria-labelledby=\"elementor-tab-title-1852\">\n<p>Destacado humanista y mecenas,\u00a0<strong>Javier Vilar<\/strong>\u00a0es fundador y presidente de la Fundaci\u00f3n Sophia, instituci\u00f3n docente dedicada a la investigaci\u00f3n, estudio y difusi\u00f3n del pensamiento y el arte de las culturas tradicionales y al mecenazgo de artistas y escritores. Es editor de la revista de difusi\u00f3n cultural El Mundo de Sophia. En un \u00e1mbito m\u00e1s especializado es egipt\u00f3logo por la Escuela de Egiptologia de Barcelona y miembro de honor del Instituto de Estudios del antiguo Egipto. Es comisario de la exposici\u00f3n itinerante sobre el ritual funerario en el antiguo Egipto titulada\u00a0<em>Los Reinos del Silencio.<\/em><\/p>\n<p>Desde 1988 ha realizado una labor intensa como promotor de la cultura y el voluntariado, animando incontables proyectos de colaboraci\u00f3n interdisciplinaria entre universidades e institutos nacionales e internacionales de car\u00e1cter p\u00fablico y privado.<\/p>\n<\/div>\n","protected":false},"excerpt":{"rendered":"<p>Con\u00a0<strong>\u00abMaat y el arte de vivir\u00bb<\/strong>\u00a0el egipt\u00f3logo Javier Vilar nos introduce en el fascinante mundo del antiguo Egipto, permiti\u00e9ndonos conocer un poco m\u00e1s de cerca cu\u00e1l era su cosmovisi\u00f3n m\u00e1gica su filosof\u00eda de vida, sus escuelas de sabidur\u00eda, su sistema de ense\u00f1anza, los valores \u00e9ticos que inculcan a sus hijos a trav\u00e9s de la educaci\u00f3n y los principios ideales que inspiraban su anhelo de vivir en armon\u00eda con la vida, con los dem\u00e1s seres y consigo mismos.<\/p>\n","protected":false},"featured_media":878,"comment_status":"open","ping_status":"closed","template":"","meta":[],"product_brand":[],"product_cat":[102],"product_tag":[35,43,271,272,273,277,276,275,274],"class_list":{"0":"post-876","1":"product","2":"type-product","3":"status-publish","4":"has-post-thumbnail","6":"product_cat-libros","7":"product_tag-egipto","8":"product_tag-egiptologia","9":"product_tag-javier-vilar","10":"product_tag-maat","11":"product_tag-maximas","12":"product_tag-orden","13":"product_tag-sabiduria-egipcia","14":"product_tag-vida-feliz","15":"product_tag-vida-plena","17":"first","18":"instock","19":"sale","20":"downloadable","21":"virtual","22":"taxable","23":"purchasable","24":"product-type-simple"},"_links":{"self":[{"href":"https:\/\/www.centrosophia.com.mx\/academiaonline\/wp-json\/wp\/v2\/product\/876","targetHints":{"allow":["GET"]}}],"collection":[{"href":"https:\/\/www.centrosophia.com.mx\/academiaonline\/wp-json\/wp\/v2\/product"}],"about":[{"href":"https:\/\/www.centrosophia.com.mx\/academiaonline\/wp-json\/wp\/v2\/types\/product"}],"replies":[{"embeddable":true,"href":"https:\/\/www.centrosophia.com.mx\/academiaonline\/wp-json\/wp\/v2\/comments?post=876"}],"wp:featuredmedia":[{"embeddable":true,"href":"https:\/\/www.centrosophia.com.mx\/academiaonline\/wp-json\/wp\/v2\/media\/878"}],"wp:attachment":[{"href":"https:\/\/www.centrosophia.com.mx\/academiaonline\/wp-json\/wp\/v2\/media?parent=876"}],"wp:term":[{"taxonomy":"product_brand","embeddable":true,"href":"https:\/\/www.centrosophia.com.mx\/academiaonline\/wp-json\/wp\/v2\/product_brand?post=876"},{"taxonomy":"product_cat","embeddable":true,"href":"https:\/\/www.centrosophia.com.mx\/academiaonline\/wp-json\/wp\/v2\/product_cat?post=876"},{"taxonomy":"product_tag","embeddable":true,"href":"https:\/\/www.centrosophia.com.mx\/academiaonline\/wp-json\/wp\/v2\/product_tag?post=876"}],"curies":[{"name":"wp","href":"https:\/\/api.w.org\/{rel}","templated":true}]}}