{"id":879,"date":"2023-01-05T20:15:14","date_gmt":"2023-01-05T20:15:14","guid":{"rendered":"https:\/\/www.centrosophia.com.mx\/academiaonline\/?post_type=product&#038;p=879"},"modified":"2023-01-05T20:15:14","modified_gmt":"2023-01-05T20:15:14","slug":"libro-numa-pompilio-segundo-rey-de-roma","status":"publish","type":"product","link":"https:\/\/www.centrosophia.com.mx\/academiaonline\/tienda\/libros\/libro-numa-pompilio-segundo-rey-de-roma\/","title":{"rendered":"Libro Numa Pompilio segundo Rey de Roma"},"content":{"rendered":"","protected":false},"excerpt":{"rendered":"<div class=\"elementor-element elementor-element-29c82ec elementor-widget elementor-widget-heading\" data-id=\"29c82ec\" data-element_type=\"widget\" data-widget_type=\"heading.default\">\n<div class=\"elementor-widget-container\">\n<h2 class=\"elementor-heading-title elementor-size-default\">Numa Pompilio segundo Rey de Roma<\/h2>\n<\/div>\n<\/div>\n<div class=\"elementor-element elementor-element-f71997e elementor-widget elementor-widget-toggle\" data-id=\"f71997e\" data-element_type=\"widget\" data-widget_type=\"toggle.default\">\n<div class=\"elementor-widget-container\">\n<div class=\"elementor-toggle\" role=\"tablist\">\n<div class=\"elementor-toggle-item\">\n<div id=\"elementor-tab-content-2591\" class=\"elementor-tab-content elementor-clearfix elementor-active\" role=\"tabpanel\" data-tab=\"1\" aria-labelledby=\"elementor-tab-title-2591\">\n<p>La gran aceptaci\u00f3n que siempre ha merecido el poema\u00a0<em>Numa Pompilio<\/em>, de Jean-Pierre Claris de Florian (1755-1794), nos impuls\u00f3 a realizar la presente edici\u00f3n. Se ha buscado hacer una publicaci\u00f3n m\u00e1s grata al lector, procurando reunir en ella una buena correcci\u00f3n, una depurada adaptaci\u00f3n de estilo y amplias notas mitol\u00f3gicas. Despu\u00e9s de casi cien a\u00f1os desde su \u00faltima edici\u00f3n, esta nueva adaptaci\u00f3n de\u00a0<em>Numa Pompilio, segundo rey de Roma<\/em>\u00a0pretende acercar al lector a un personaje important\u00edsimo dentro de la historiograf\u00eda cl\u00e1sica, dando a conocer de una forma \u00fanica la vida y la obra del hombre que institucionaliz\u00f3 la religi\u00f3n y las pr\u00e1cticas de culto en la antigua Roma.<\/p>\n<\/div>\n<\/div>\n<\/div>\n<\/div>\n<\/div>\n","protected":false},"featured_media":881,"comment_status":"open","ping_status":"closed","template":"","meta":[],"product_brand":[],"product_cat":[102],"product_tag":[184,282,283,278,281,279,280,284],"class_list":{"0":"post-879","1":"product","2":"type-product","3":"status-publish","4":"has-post-thumbnail","6":"product_cat-libros","7":"product_tag-editorial-fundacion-sophia","8":"product_tag-historiografia","9":"product_tag-jean-pierre-claris-de-florian","10":"product_tag-numa","11":"product_tag-poema","12":"product_tag-pompilio","13":"product_tag-roma","14":"product_tag-traduccion","16":"first","17":"instock","18":"sale","19":"downloadable","20":"virtual","21":"taxable","22":"purchasable","23":"product-type-simple"},"_links":{"self":[{"href":"https:\/\/www.centrosophia.com.mx\/academiaonline\/wp-json\/wp\/v2\/product\/879","targetHints":{"allow":["GET"]}}],"collection":[{"href":"https:\/\/www.centrosophia.com.mx\/academiaonline\/wp-json\/wp\/v2\/product"}],"about":[{"href":"https:\/\/www.centrosophia.com.mx\/academiaonline\/wp-json\/wp\/v2\/types\/product"}],"replies":[{"embeddable":true,"href":"https:\/\/www.centrosophia.com.mx\/academiaonline\/wp-json\/wp\/v2\/comments?post=879"}],"wp:featuredmedia":[{"embeddable":true,"href":"https:\/\/www.centrosophia.com.mx\/academiaonline\/wp-json\/wp\/v2\/media\/881"}],"wp:attachment":[{"href":"https:\/\/www.centrosophia.com.mx\/academiaonline\/wp-json\/wp\/v2\/media?parent=879"}],"wp:term":[{"taxonomy":"product_brand","embeddable":true,"href":"https:\/\/www.centrosophia.com.mx\/academiaonline\/wp-json\/wp\/v2\/product_brand?post=879"},{"taxonomy":"product_cat","embeddable":true,"href":"https:\/\/www.centrosophia.com.mx\/academiaonline\/wp-json\/wp\/v2\/product_cat?post=879"},{"taxonomy":"product_tag","embeddable":true,"href":"https:\/\/www.centrosophia.com.mx\/academiaonline\/wp-json\/wp\/v2\/product_tag?post=879"}],"curies":[{"name":"wp","href":"https:\/\/api.w.org\/{rel}","templated":true}]}}