{"id":886,"date":"2023-01-30T20:27:03","date_gmt":"2023-01-30T20:27:03","guid":{"rendered":"https:\/\/www.centrosophia.com.mx\/academiaonline\/?post_type=product&#038;p=886"},"modified":"2024-07-05T19:46:42","modified_gmt":"2024-07-05T19:46:42","slug":"libro-suenos-de-centauro","status":"publish","type":"product","link":"https:\/\/www.centrosophia.com.mx\/academiaonline\/tienda\/libros\/libro-suenos-de-centauro\/","title":{"rendered":"Libro Sue\u00f1os de Centauro"},"content":{"rendered":"<h1>Sue\u00f1os de Centauro<\/h1>\n<p>En este libro de poemas, el autor ha querido unir dos de sus pasiones: los mitos y la poes\u00eda. Y es que el lenguaje mito-po\u00e9tico es el mejor medio para poder alcanzar las profundidades de nuestra psique, los misterios insondables de lo que ocurre en nuestro interior. Desde all\u00ed, como un volc\u00e1n en erupci\u00f3n, emergen los sentimientos con toda su intensidad: arrolladores, potentes y a la vez profundos. Una geograf\u00eda donde los miedos y deseos conviven con los anhelos y certezas del alma.<\/p>\n<h3>Sobre el autor<\/h3>\n<p>V\u00edctor Vilar se inici\u00f3 en la filosof\u00eda desde muy joven, cuando se sinti\u00f3 atra\u00eddo por el patrimonio espiritual de las tradiciones orientales. Escribe para diversas publicaciones espa\u00f1olas e imparte conferencias y cursos sobre el pensamiento antiguo y moderno. Al sumar su formaci\u00f3n filos\u00f3fica con sus aptitudes art\u00edsticas, ha generado un punto de vista\u00a0 donde conocimiento y arte po\u00e9tico de dan la mano.<\/p>\n<p>\u00c9ste es su segundo poemario en el que abre las puertas de los mitos para mostrarnos geografias interiores en las que conviven h\u00e9roes y monstruos mitol\u00f3gicos.<\/p>\n","protected":false},"excerpt":{"rendered":"<p>El centauro es un ser mitol\u00f3gico de naturaleza h\u00edbrida. Una grupa de caballo, que galopa por la existencia sometida a los animales instintos y un torso y cabeza capaces de ir erguidas y mirar hacia las estrellas. V\u00edctor Vilar ha simbolizado en estos\u00a0<em>Sue\u00f1os de Centauro\u00a0<\/em> esta singular mixtura propia tambi\u00e9n del ser humano que nos emparenta tanto con los aimales como con los dioses.<\/p>\n<p>Somos as\u00ed&#8230; todos tenemos\u00a0<em>Sue\u00f1os de Centauro.\u00a0<\/em><\/p>\n","protected":false},"featured_media":913,"comment_status":"open","ping_status":"closed","template":"","meta":[],"product_brand":[],"product_cat":[102],"product_tag":[184,109,292,295,242,293],"class_list":{"0":"post-886","1":"product","2":"type-product","3":"status-publish","4":"has-post-thumbnail","6":"product_cat-libros","7":"product_tag-editorial-fundacion-sophia","8":"product_tag-mitologia","9":"product_tag-poemario","10":"product_tag-poesia","11":"product_tag-reflexion","12":"product_tag-victor-vilar","14":"first","15":"instock","16":"sale","17":"taxable","18":"shipping-taxable","19":"purchasable","20":"product-type-simple"},"_links":{"self":[{"href":"https:\/\/www.centrosophia.com.mx\/academiaonline\/wp-json\/wp\/v2\/product\/886","targetHints":{"allow":["GET"]}}],"collection":[{"href":"https:\/\/www.centrosophia.com.mx\/academiaonline\/wp-json\/wp\/v2\/product"}],"about":[{"href":"https:\/\/www.centrosophia.com.mx\/academiaonline\/wp-json\/wp\/v2\/types\/product"}],"replies":[{"embeddable":true,"href":"https:\/\/www.centrosophia.com.mx\/academiaonline\/wp-json\/wp\/v2\/comments?post=886"}],"wp:featuredmedia":[{"embeddable":true,"href":"https:\/\/www.centrosophia.com.mx\/academiaonline\/wp-json\/wp\/v2\/media\/913"}],"wp:attachment":[{"href":"https:\/\/www.centrosophia.com.mx\/academiaonline\/wp-json\/wp\/v2\/media?parent=886"}],"wp:term":[{"taxonomy":"product_brand","embeddable":true,"href":"https:\/\/www.centrosophia.com.mx\/academiaonline\/wp-json\/wp\/v2\/product_brand?post=886"},{"taxonomy":"product_cat","embeddable":true,"href":"https:\/\/www.centrosophia.com.mx\/academiaonline\/wp-json\/wp\/v2\/product_cat?post=886"},{"taxonomy":"product_tag","embeddable":true,"href":"https:\/\/www.centrosophia.com.mx\/academiaonline\/wp-json\/wp\/v2\/product_tag?post=886"}],"curies":[{"name":"wp","href":"https:\/\/api.w.org\/{rel}","templated":true}]}}